{"id":40,"date":"2025-02-03T22:14:01","date_gmt":"2025-02-03T22:14:01","guid":{"rendered":"https:\/\/scooterracingday.it\/?page_id=40"},"modified":"2026-01-01T11:08:40","modified_gmt":"2026-01-01T10:08:40","slug":"levento","status":"publish","type":"page","link":"https:\/\/scooterracingday.it\/en\/levento\/","title":{"rendered":"Scooter Racing Day"},"content":{"rendered":"<div data-colibri-id=\"40-c1\" class=\"style-333 style-local-40-c1 position-relative\">\n  <!---->\n  <div data-colibri-component=\"section\" data-colibri-id=\"40-c2\" id=\"content\" class=\"h-section h-section-global-spacing d-flex align-items-lg-center align-items-md-center align-items-center style-969 style-local-40-c2 position-relative\">\n    <!---->\n    <!---->\n    <div class=\"h-section-grid-container h-section-fluid-container\">\n      <!---->\n      <div data-colibri-id=\"40-c3\" class=\"h-row-container gutters-row-lg-0 gutters-row-md-0 gutters-row-2 gutters-row-v-lg-0 gutters-row-v-md-0 gutters-row-v-2 style-970 style-local-40-c3 position-relative\">\n        <!---->\n        <div class=\"h-row justify-content-lg-center justify-content-md-center justify-content-center align-items-lg-stretch align-items-md-stretch align-items-stretch gutters-col-lg-0 gutters-col-md-0 gutters-col-2 gutters-col-v-lg-0 gutters-col-v-md-0 gutters-col-v-2\">\n          <!---->\n          <div class=\"h-column h-column-container d-flex h-col-lg-6 h-col-md-6 h-col-12 style-971-outer style-local-40-c4-outer\">\n            <div data-colibri-id=\"40-c4\" class=\"d-flex h-flex-basis h-column__inner h-px-lg-0 h-px-md-0 h-px-0 v-inner-lg-0 v-inner-md-0 v-inner-0 style-971 style-local-40-c4 position-relative\">\n              <!---->\n              <!---->\n              <div class=\"w-100 h-y-container h-column__content h-column__v-align flex-basis-100 align-self-lg-start align-self-md-start align-self-start\">\n                <!---->\n                <div data-colibri-id=\"40-c5\" class=\"h-global-transition-all h-heading style-972 style-local-40-c5 position-relative h-element\">\n                  <!---->\n                  <div class=\"h-heading__outer style-972 style-local-40-c5\">\n                    <!---->\n                    <!---->\n                    <h4 class=\"\">lo Scooter racing day in breve<\/h4>\n                  <\/div>\n                <\/div>\n                <div data-colibri-id=\"40-c6\" class=\"h-text h-text-component style-974 style-local-40-c6 position-relative h-element\">\n                  <!---->\n                  <!---->\n                  <div class=\"\">\n                    <p>Scooter Racing Day \u00e8 la nuova destinazione in Italia per i veri appassionati di Scooter, Vespa, Moto e Moped 2tempi. Nato dal nostro entusiasmo per questo segmento del motorsport.<\/p>\n                    <p>Doveva essere un semplice ritrovo tra amici, un\u2019occasione per rivedersi e condividere la passione per la pista. In poco tempo, per\u00f2, si \u00e8 trasformato in qualcosa di molto pi\u00f9 grande: un appuntamento di portata nazionale capace di riunire\n                      piloti, preparatori e appassionati da tutta Italia.<\/p>\n                    <p>Il successo della prima edizione al Circuito di Pomposa il 31 maggio 2025, l\u2019energia del pubblico e la grande partecipazione di piloti, team e appassionati ci hanno fatto capire che potevamo fare ancora di pi\u00f9. Ci siamo resi conto\n                      di voler essere un punto di riferimento per tutto quello che brucia miscela e per quelli che la respirano. Una mecca per gli appassionati, un punto di ritrovo di amici lontani, e perch\u00e9 no, un punto di incontro tra loro e i loro\n                      brand preferiti.<\/p>\n                    <p>Scooter Racing Day is, and aims to be, an experience driven by passion, combining sport, fun, and creativity in an environment where everyone can feel part of a big family.<\/p>\n                    <p>An event born from the community, for the community, a festival organized with countless activities and moments designed for those who truly love racing culture.<\/p>\n                  <\/div>\n                <\/div>\n              <\/div>\n            <\/div>\n          <\/div>\n          <div class=\"h-column h-column-container d-flex h-col-lg-6 h-col-md-6 h-col-12 style-979-outer style-local-40-c7-outer\">\n            <div data-colibri-id=\"40-c7\" class=\"d-flex h-flex-basis h-column__inner h-ui-empty-state-container h-px-lg-0 h-px-md-0 h-px-0 v-inner-lg-0 v-inner-md-0 v-inner-0 style-979 style-local-40-c7 position-relative\">\n              <!---->\n              <!---->\n              <div class=\"w-100 h-y-container h-column__content h-column__v-align flex-basis-100\">\n                <!---->\n              <\/div>\n            <\/div>\n          <\/div>\n        <\/div>\n      <\/div>\n    <\/div>\n  <\/div>\n  <div data-colibri-component=\"section\" data-colibri-id=\"40-c8\" id=\"features-2\" class=\"h-section h-section-global-spacing d-flex align-items-lg-center align-items-md-center align-items-center style-441 style-local-40-c8 position-relative\">\n    <!---->\n    <!---->\n    <div class=\"h-section-grid-container h-section-boxed-container\">\n      <div data-colibri-id=\"40-c26\" class=\"h-row-container gutters-row-lg-2 gutters-row-md-2 gutters-row-2 gutters-row-v-lg-2 gutters-row-v-md-2 gutters-row-v-2 style-449 style-local-40-c26 position-relative\">\n        <!---->\n        <div class=\"h-row justify-content-lg-center justify-content-md-center justify-content-center align-items-lg-stretch align-items-md-stretch align-items-stretch gutters-col-lg-2 gutters-col-md-2 gutters-col-2 gutters-col-v-lg-2 gutters-col-v-md-2 gutters-col-v-2\">\n          <!---->\n          <div class=\"h-column h-column-container d-flex h-col-lg-auto h-col-md-auto h-col-auto style-450-outer style-local-40-c27-outer\">\n            <div data-colibri-id=\"40-c27\" class=\"d-flex h-flex-basis h-column__inner h-px-lg-2 h-px-md-2 h-px-2 v-inner-lg-2 v-inner-md-2 v-inner-2 style-450 style-local-40-c27 position-relative\">\n              <!---->\n              <!---->\n              <div class=\"w-100 h-y-container h-column__content h-column__v-align flex-basis-100 align-self-lg-start align-self-md-start align-self-start\">\n                <!---->\n                <div data-colibri-id=\"40-c28\" class=\"h-global-transition-all h-heading style-451 style-local-40-c28 position-relative h-element\">\n                  <!---->\n                  <div class=\"h-heading__outer style-451 style-local-40-c28\">\n                    <!---->\n                    <!---->\n                    <h2 class=\"\">Le attivit\u00e0 dell&#8217;evento<\/h2>\n                  <\/div>\n                <\/div>\n              <\/div>\n            <\/div>\n          <\/div>\n        <\/div>\n      <\/div>\n      <div data-colibri-id=\"40-c9\" class=\"h-row-container gutters-row-lg-2 gutters-row-md-2 gutters-row-2 gutters-row-v-lg-2 gutters-row-v-md-2 gutters-row-v-2 style-442 style-local-40-c9 position-relative\">\n        <!---->\n        <div class=\"h-row justify-content-lg-center justify-content-md-center justify-content-center align-items-lg-stretch align-items-md-stretch align-items-stretch gutters-col-lg-2 gutters-col-md-2 gutters-col-2 gutters-col-v-lg-2 gutters-col-v-md-2 gutters-col-v-2\">\n          <!---->\n          <div class=\"h-column h-column-container d-flex h-col-lg-4 h-col-md-6 h-col-12 style-443-outer style-local-40-c10-outer\">\n            <div data-colibri-id=\"40-c10\" class=\"d-flex h-flex-basis h-column__inner h-px-lg-0 h-px-md-0 h-px-0 v-inner-lg-0 v-inner-md-0 v-inner-0 style-443 style-local-40-c10 position-relative\">\n              <!---->\n              <!---->\n              <div class=\"w-100 h-y-container h-column__content h-column__v-align flex-basis-100 align-self-lg-start align-self-md-start align-self-start\">\n                <!---->\n                <div data-colibri-id=\"40-c11\" class=\"d-block style-444 style-local-40-c11 position-relative h-element\">\n                  <!---->\n                  <div class=\"h-image__frame-container-outer\">\n                    <div class=\"h-image__frame-container\">\n                      <!---->\n                      <!---->\n                      <img loading=\"lazy\" decoding=\"async\" width=\"1079\" height=\"1080\" src=\"https:\/\/scooterracingday.it\/wp-content\/uploads\/2026\/01\/cropped-Pista-13.jpg\" class=\"wp-image-5607 style-444-image style-local-40-c11-image\" alt=\"\" srcset=\"https:\/\/scooterracingday.it\/wp-content\/uploads\/2026\/01\/cropped-Pista-13.jpg 1079w, https:\/\/scooterracingday.it\/wp-content\/uploads\/2026\/01\/cropped-Pista-13-300x300.jpg 300w, https:\/\/scooterracingday.it\/wp-content\/uploads\/2026\/01\/cropped-Pista-13-100x100.jpg 100w, https:\/\/scooterracingday.it\/wp-content\/uploads\/2026\/01\/cropped-Pista-13-600x601.jpg 600w, https:\/\/scooterracingday.it\/wp-content\/uploads\/2026\/01\/cropped-Pista-13-1024x1024.jpg 1024w, https:\/\/scooterracingday.it\/wp-content\/uploads\/2026\/01\/cropped-Pista-13-150x150.jpg 150w, https:\/\/scooterracingday.it\/wp-content\/uploads\/2026\/01\/cropped-Pista-13-768x769.jpg 768w\" sizes=\"auto, (max-width: 1079px) 100vw, 1079px\" \/>\n                      <div class=\"h-image__frame h-hide-lg h-hide-md h-hide-sm style-444-frameImage style-local-40-c11-frameImage\"><\/div>\n                    <\/div>\n                  <\/div>\n                <\/div>\n                <div data-colibri-id=\"40-c12\" class=\"h-global-transition-all h-heading style-445 style-local-40-c12 position-relative h-element\">\n                  <!---->\n                  <div class=\"h-heading__outer style-445 style-local-40-c12\">\n                    <!---->\n                    <!---->\n                    <h4 class=\"\">Track Day<\/h4>\n                  <\/div>\n                <\/div>\n                <div data-colibri-id=\"40-c13\" class=\"h-text h-text-component style-446 style-local-40-c13 position-relative h-element\">\n                  <!---->\n                  <!---->\n                  <div class=\"\">\n                    <p>Una o pi\u00f9 giornate con a disposizione un autodromo o kartodromo per sfogare la propria voglia di correre in pista. Con turni liberi e gestiti in base ai propri tempi sul giro.<\/p>\n                  <\/div>\n                <\/div>\n                <div data-colibri-id=\"40-c14\" class=\"h-x-container style-447 style-local-40-c14 position-relative h-element\">\n                  <!---->\n                  <div class=\"h-x-container-inner style-dynamic-40-c14-group style-447-spacing style-local-40-c14-spacing\"><span class=\"h-link__outer style-448-outer style-local-40-c15-outer d-inline-flex h-element\"><a h-use-smooth-scroll=\"true\" href=\"https:\/\/scooterracingday.it\/en\/trackday\/\"  data-colibri-id=\"40-c15\" class=\"d-flex w-100 align-items-center h-link style-448 style-local-40-c15 position-relative\"><!----><!----> <span>scopri di pi\u00f9&#8230;<\/span>                    <span class=\"h-svg-icon h-link__icon style-448-icon style-local-40-c15-icon\"><!--Icon by Icons8 Line Awesome (https:\/\/icons8.com\/line-awesome)--><svg version=\"1.1\" xmlns=\"http:\/\/www.w3.org\/2000\/svg\" xmlns:xlink=\"http:\/\/www.w3.org\/1999\/xlink\" id=\"angle-double-right\" viewbox=\"0 0 512 545.5\"><path d=\"M145.5 108.5l168 168L325 288l-11.5 11.5-168 168-22.5-23L279.5 288 123 131.5zm112 0l168 168L437 288l-11.5 11.5-168 168-22.5-23L391.5 288 235 131.5z\"><\/path><\/svg><\/span><\/a>\n                    <\/span>\n                  <\/div>\n                <\/div>\n              <\/div>\n            <\/div>\n          <\/div>\n          <div class=\"h-column h-column-container d-flex h-col-lg-4 h-col-md-6 h-col-12 style-443-outer style-local-40-c16-outer\">\n            <div data-colibri-id=\"40-c16\" class=\"d-flex h-flex-basis h-column__inner h-px-lg-0 h-px-md-0 h-px-0 v-inner-lg-0 v-inner-md-0 v-inner-0 style-443 style-local-40-c16 position-relative\">\n              <!---->\n              <!---->\n              <div class=\"w-100 h-y-container h-column__content h-column__v-align flex-basis-100 align-self-lg-start align-self-md-start align-self-start\">\n                <!---->\n                <div data-colibri-id=\"40-c17\" class=\"d-block style-444 style-local-40-c17 position-relative h-element\">\n                  <!---->\n                  <div class=\"h-image__frame-container-outer\">\n                    <div class=\"h-image__frame-container\">\n                      <!---->\n                      <!---->\n                      <img loading=\"lazy\" decoding=\"async\" width=\"1699\" height=\"1700\" src=\"https:\/\/scooterracingday.it\/wp-content\/uploads\/2025\/08\/cropped-DSC0031-scaled-1.jpg\" class=\"wp-image-4253 style-444-image style-local-40-c17-image\" alt=\"\" srcset=\"https:\/\/scooterracingday.it\/wp-content\/uploads\/2025\/08\/cropped-DSC0031-scaled-1.jpg 1699w, https:\/\/scooterracingday.it\/wp-content\/uploads\/2025\/08\/cropped-DSC0031-scaled-1-300x300.jpg 300w, https:\/\/scooterracingday.it\/wp-content\/uploads\/2025\/08\/cropped-DSC0031-scaled-1-100x100.jpg 100w, https:\/\/scooterracingday.it\/wp-content\/uploads\/2025\/08\/cropped-DSC0031-scaled-1-600x600.jpg 600w, https:\/\/scooterracingday.it\/wp-content\/uploads\/2025\/08\/cropped-DSC0031-scaled-1-1024x1024.jpg 1024w, https:\/\/scooterracingday.it\/wp-content\/uploads\/2025\/08\/cropped-DSC0031-scaled-1-150x150.jpg 150w, https:\/\/scooterracingday.it\/wp-content\/uploads\/2025\/08\/cropped-DSC0031-scaled-1-768x768.jpg 768w, https:\/\/scooterracingday.it\/wp-content\/uploads\/2025\/08\/cropped-DSC0031-scaled-1-1536x1536.jpg 1536w\" sizes=\"auto, (max-width: 1699px) 100vw, 1699px\" \/>\n                      <div class=\"h-image__frame h-hide-lg h-hide-md h-hide-sm style-444-frameImage style-local-40-c17-frameImage\"><\/div>\n                    <\/div>\n                  <\/div>\n                <\/div>\n                <div data-colibri-id=\"40-c18\" class=\"h-global-transition-all h-heading style-445 style-local-40-c18 position-relative h-element\">\n                  <!---->\n                  <div class=\"h-heading__outer style-445 style-local-40-c18\">\n                    <!---->\n                    <!---->\n                    <h4 class=\"\">Custom Show<\/h4>\n                  <\/div>\n                <\/div>\n                <div data-colibri-id=\"40-c19\" class=\"h-text h-text-component style-446 style-local-40-c19 position-relative h-element\">\n                  <!---->\n                  <!---->\n                  <div class=\"\">\n                    <p>Se non puoi partecipare al track day, nulla ti vieta di goderti l&#8217;evento da protagonista. Tu e il tuo mezzo, siete i benvenuti. Sfoggia il tuo stile unico, le linee inimitabili del tuo mezzo nel Custom Show.<\/p>\n                  <\/div>\n                <\/div>\n                <div data-colibri-id=\"40-c20\" class=\"h-x-container style-447 style-local-40-c20 position-relative h-element\">\n                  <!---->\n                  <div class=\"h-x-container-inner style-dynamic-40-c20-group style-447-spacing style-local-40-c20-spacing\"><span class=\"h-link__outer style-448-outer style-local-40-c21-outer d-inline-flex h-element\"><a h-use-smooth-scroll=\"true\" href=\"https:\/\/scooterracingday.it\/en\/custom-show\/\"  data-colibri-id=\"40-c21\" class=\"d-flex w-100 align-items-center h-link style-448 style-local-40-c21 position-relative\"><!----><!----> <span>scopri di pi\u00f9&#8230;<\/span>                    <span class=\"h-svg-icon h-link__icon style-448-icon style-local-40-c21-icon\"><!--Icon by Icons8 Line Awesome (https:\/\/icons8.com\/line-awesome)--><svg version=\"1.1\" xmlns=\"http:\/\/www.w3.org\/2000\/svg\" xmlns:xlink=\"http:\/\/www.w3.org\/1999\/xlink\" id=\"angle-double-right\" viewbox=\"0 0 512 545.5\"><path d=\"M145.5 108.5l168 168L325 288l-11.5 11.5-168 168-22.5-23L279.5 288 123 131.5zm112 0l168 168L437 288l-11.5 11.5-168 168-22.5-23L391.5 288 235 131.5z\"><\/path><\/svg><\/span><\/a>\n                    <\/span>\n                  <\/div>\n                <\/div>\n              <\/div>\n            <\/div>\n          <\/div>\n          <div class=\"h-column h-column-container d-flex h-col-lg-4 h-col-md-6 h-col-12 style-443-outer style-local-40-c22-outer\">\n            <div data-colibri-id=\"40-c22\" class=\"d-flex h-flex-basis h-column__inner h-px-lg-0 h-px-md-0 h-px-0 v-inner-lg-0 v-inner-md-0 v-inner-0 style-443 style-local-40-c22 position-relative\">\n              <!---->\n              <!---->\n              <div class=\"w-100 h-y-container h-column__content h-column__v-align flex-basis-100 align-self-lg-start align-self-md-start align-self-start\">\n                <!---->\n                <div data-colibri-id=\"40-c23\" class=\"d-block style-444 style-local-40-c23 position-relative h-element\">\n                  <!---->\n                  <div class=\"h-image__frame-container-outer\">\n                    <div class=\"h-image__frame-container\">\n                      <!---->\n                      <!---->\n                      <img loading=\"lazy\" decoding=\"async\" width=\"1440\" height=\"1440\" src=\"https:\/\/scooterracingday.it\/wp-content\/uploads\/2026\/01\/cropped-backiee-26336-landscape-scaled-1.jpg\" class=\"wp-image-5599 style-444-image style-local-40-c23-image\" alt=\"\" srcset=\"https:\/\/scooterracingday.it\/wp-content\/uploads\/2026\/01\/cropped-backiee-26336-landscape-scaled-1.jpg 1440w, https:\/\/scooterracingday.it\/wp-content\/uploads\/2026\/01\/cropped-backiee-26336-landscape-scaled-1-300x300.jpg 300w, https:\/\/scooterracingday.it\/wp-content\/uploads\/2026\/01\/cropped-backiee-26336-landscape-scaled-1-100x100.jpg 100w, https:\/\/scooterracingday.it\/wp-content\/uploads\/2026\/01\/cropped-backiee-26336-landscape-scaled-1-600x600.jpg 600w, https:\/\/scooterracingday.it\/wp-content\/uploads\/2026\/01\/cropped-backiee-26336-landscape-scaled-1-1024x1024.jpg 1024w, https:\/\/scooterracingday.it\/wp-content\/uploads\/2026\/01\/cropped-backiee-26336-landscape-scaled-1-150x150.jpg 150w, https:\/\/scooterracingday.it\/wp-content\/uploads\/2026\/01\/cropped-backiee-26336-landscape-scaled-1-768x768.jpg 768w\" sizes=\"auto, (max-width: 1440px) 100vw, 1440px\" \/>\n                      <div class=\"h-image__frame h-hide-lg h-hide-md h-hide-sm style-444-frameImage style-local-40-c23-frameImage\"><\/div>\n                    <\/div>\n                  <\/div>\n                <\/div>\n                <div data-colibri-id=\"40-c24\" class=\"h-global-transition-all h-heading style-445 style-local-40-c24 position-relative h-element\">\n                  <!---->\n                  <div class=\"h-heading__outer style-445 style-local-40-c24\">\n                    <!---->\n                    <!---->\n                    <h4 class=\"\">Intrattenimento!<\/h4>\n                  <\/div>\n                <\/div>\n                <div data-colibri-id=\"40-c25\" class=\"h-text h-text-component style-446 style-local-40-c25 position-relative h-element\">\n                  <!---->\n                  <!---->\n                  <div class=\"\">\n                    <p>Il paddock sar\u00e0 un ambiente vivo e accogliente con musica, giochi a tema, esposizioni e non solo. Abbiamo pensato ad uno spazio per far vivere al pubblico un\u2019esperienza completa e coinvolgente anche fuori dalla pista.\n                      <br>Nuovi dettagli saranno disponibili presto!<\/p>\n                  <\/div>\n                <\/div>\n              <\/div>\n            <\/div>\n          <\/div>\n        <\/div>\n      <\/div>\n    <\/div>\n  <\/div>\n<\/div>","protected":false},"excerpt":{"rendered":"<p>lo Scooter racing day in breve Scooter Racing Day \u00e8 la nuova destinazione [&hellip;]<\/p>\n","protected":false},"author":1,"featured_media":0,"parent":0,"menu_order":0,"comment_status":"closed","ping_status":"closed","template":"page-templates\/full-width-page.php","meta":{"footnotes":""},"class_list":["post-40","page","type-page","status-publish","hentry"],"_links":{"self":[{"href":"https:\/\/scooterracingday.it\/en\/wp-json\/wp\/v2\/pages\/40","targetHints":{"allow":["GET"]}}],"collection":[{"href":"https:\/\/scooterracingday.it\/en\/wp-json\/wp\/v2\/pages"}],"about":[{"href":"https:\/\/scooterracingday.it\/en\/wp-json\/wp\/v2\/types\/page"}],"author":[{"embeddable":true,"href":"https:\/\/scooterracingday.it\/en\/wp-json\/wp\/v2\/users\/1"}],"replies":[{"embeddable":true,"href":"https:\/\/scooterracingday.it\/en\/wp-json\/wp\/v2\/comments?post=40"}],"version-history":[{"count":8,"href":"https:\/\/scooterracingday.it\/en\/wp-json\/wp\/v2\/pages\/40\/revisions"}],"predecessor-version":[{"id":5610,"href":"https:\/\/scooterracingday.it\/en\/wp-json\/wp\/v2\/pages\/40\/revisions\/5610"}],"wp:attachment":[{"href":"https:\/\/scooterracingday.it\/en\/wp-json\/wp\/v2\/media?parent=40"}],"curies":[{"name":"wp","href":"https:\/\/api.w.org\/{rel}","templated":true}]}}